{"id":253,"date":"2019-05-16T04:02:56","date_gmt":"2019-05-16T09:02:56","guid":{"rendered":"http:\/\/robin.pe\/?page_id=253"},"modified":"2020-09-03T01:51:21","modified_gmt":"2020-09-03T06:51:21","slug":"home-new","status":"publish","type":"page","link":"https:\/\/robin.pe\/","title":{"rendered":"Home"},"content":{"rendered":"<p>[et_pb_section fb_built=&#8221;1&#8243; fullwidth=&#8221;on&#8221; _builder_version=&#8221;3.22.7&#8243;][et_pb_fullwidth_slider _builder_version=&#8221;4.6.0&#8243; header_level=&#8221;h1&#8243; header_font=&#8221;|700|||||||&#8221; header_font_size=&#8221;60px&#8221; max_width=&#8221;100%&#8221; min_height=&#8221;500px&#8221; max_height=&#8221;1000px&#8221; hover_enabled=&#8221;0&#8243; sticky_enabled=&#8221;0&#8243;][et_pb_slide heading=&#8221;Articulos de limpieza&#8221; button_text=&#8221;Productos&#8221; _builder_version=&#8221;3.22.7&#8243; body_font=&#8221;||||||||&#8221; background_image=&#8221;https:\/\/robin.pe\/wp-content\/uploads\/2019\/05\/PANTALLA-1920.jpg&#8221; sticky_transition=&#8221;on&#8221;][\/et_pb_slide][et_pb_slide heading=&#8221;100% Peruano&#8221; _builder_version=&#8221;4.6.0&#8243; background_image=&#8221;https:\/\/robin.pe\/wp-content\/uploads\/2019\/05\/fondo-set-1920.jpg&#8221; hover_enabled=&#8221;0&#8243; sticky_transition=&#8221;on&#8221; background_enable_image=&#8221;on&#8221; title_text=&#8221;fondo set&#8221; sticky_enabled=&#8221;0&#8243;]<\/p>\n<h3>Productos de alta calidad<\/h3>\n<p>[\/et_pb_slide][et_pb_slide heading=&#8221;Todo para limpiar&#8221; _builder_version=&#8221;4.6.0&#8243; background_image=&#8221;https:\/\/robin.pe\/wp-content\/uploads\/2019\/05\/fondo-spin-mop-1920.jpg&#8221; hover_enabled=&#8221;0&#8243; sticky_transition=&#8221;on&#8221; background_enable_image=&#8221;on&#8221; title_text=&#8221;fondo spin mop 1920&#8243; sticky_enabled=&#8221;0&#8243;]<\/p>\n<h3><span>Una gama completa de productos de limpieza para su hogar.<\/span><\/h3>\n<p>[\/et_pb_slide][\/et_pb_fullwidth_slider][\/et_pb_section][et_pb_section fb_built=&#8221;1&#8243; _builder_version=&#8221;3.22.7&#8243;][et_pb_row _builder_version=&#8221;3.25&#8243;][et_pb_column type=&#8221;4_4&#8243; _builder_version=&#8221;3.25&#8243; custom_padding=&#8221;|||&#8221; custom_padding__hover=&#8221;|||&#8221;][et_pb_text _builder_version=&#8221;3.27.4&#8243;]<\/p>\n<h1 id=\"Escobas-y-escobillones\">Escobas y escobillones<\/h1>\n<p>[\/et_pb_text][et_pb_shop type=&#8221;product_category&#8221; include_categories=&#8221;20&#8243; columns_number=&#8221;3&#8243; orderby=&#8221;menu_order&#8221; _builder_version=&#8221;3.25.3&#8243; title_font=&#8221;|700|||||||&#8221; title_text_align=&#8221;center&#8221;][\/et_pb_shop][et_pb_divider color=&#8221;#81d742&#8243; divider_weight=&#8221;2px&#8221; _builder_version=&#8221;3.22.7&#8243;][\/et_pb_divider][\/et_pb_column][\/et_pb_row][\/et_pb_section][et_pb_section fb_built=&#8221;1&#8243; module_id=&#8221;accesorios&#8221; _builder_version=&#8221;3.22.7&#8243; custom_margin=&#8221;-59px|||||&#8221; custom_padding=&#8221;4px|||||&#8221;][et_pb_row _builder_version=&#8221;3.25&#8243;][et_pb_column type=&#8221;4_4&#8243; _builder_version=&#8221;3.25&#8243; custom_padding=&#8221;|||&#8221; custom_padding__hover=&#8221;|||&#8221;][et_pb_text _builder_version=&#8221;3.27.4&#8243;]<\/p>\n<h1 id=\"Accesorios\">Accesorios<\/h1>\n<p>[\/et_pb_text][et_pb_shop type=&#8221;product_category&#8221; include_categories=&#8221;21&#8243; columns_number=&#8221;3&#8243; orderby=&#8221;menu_order&#8221; _builder_version=&#8221;3.25.3&#8243; title_font=&#8221;|700|||||||&#8221; title_text_align=&#8221;center&#8221;][\/et_pb_shop][et_pb_divider color=&#8221;#81d742&#8243; divider_weight=&#8221;2px&#8221; _builder_version=&#8221;3.22.7&#8243;][\/et_pb_divider][\/et_pb_column][\/et_pb_row][\/et_pb_section][et_pb_section fb_built=&#8221;1&#8243; module_id=&#8221;accesorios&#8221; _builder_version=&#8221;3.22.7&#8243; custom_margin=&#8221;-59px|||||&#8221; custom_padding=&#8221;4px|||||&#8221;][et_pb_row _builder_version=&#8221;3.25&#8243;][et_pb_column type=&#8221;4_4&#8243; _builder_version=&#8221;3.25&#8243; custom_padding=&#8221;|||&#8221; custom_padding__hover=&#8221;|||&#8221;][et_pb_text _builder_version=&#8221;3.27.4&#8243;]<\/p>\n<h1 id=\"Balde-y-mopas\">Baldes y mopas<\/h1>\n<p>[\/et_pb_text][et_pb_shop type=&#8221;product_category&#8221; include_categories=&#8221;26&#8243; columns_number=&#8221;3&#8243; orderby=&#8221;menu_order&#8221; _builder_version=&#8221;3.25.3&#8243; title_font=&#8221;|700|||||||&#8221; title_text_align=&#8221;center&#8221;][\/et_pb_shop][et_pb_divider color=&#8221;#81d742&#8243; divider_weight=&#8221;2px&#8221; _builder_version=&#8221;3.22.7&#8243;][\/et_pb_divider][\/et_pb_column][\/et_pb_row][\/et_pb_section][et_pb_section fb_built=&#8221;1&#8243; _builder_version=&#8221;3.22.7&#8243; custom_margin=&#8221;-59px|||||&#8221; custom_padding=&#8221;4px|||||&#8221;][et_pb_row _builder_version=&#8221;3.25&#8243;][et_pb_column type=&#8221;4_4&#8243; _builder_version=&#8221;3.25&#8243; custom_padding=&#8221;|||&#8221; custom_padding__hover=&#8221;|||&#8221;][et_pb_text _builder_version=&#8221;3.27.4&#8243;]<\/p>\n<h1 id=\"Escobillas\">Escobillas<\/h1>\n<p>[\/et_pb_text][et_pb_shop type=&#8221;product_category&#8221; include_categories=&#8221;27&#8243; columns_number=&#8221;3&#8243; orderby=&#8221;menu_order&#8221; _builder_version=&#8221;3.25.3&#8243; title_font=&#8221;|700|||||||&#8221; title_text_align=&#8221;center&#8221;][\/et_pb_shop][et_pb_divider color=&#8221;#81d742&#8243; divider_weight=&#8221;2px&#8221; _builder_version=&#8221;3.22.7&#8243;][\/et_pb_divider][\/et_pb_column][\/et_pb_row][\/et_pb_section][et_pb_section fb_built=&#8221;1&#8243; _builder_version=&#8221;3.22.7&#8243; custom_margin=&#8221;-59px|||||&#8221; custom_padding=&#8221;4px|||||&#8221;][et_pb_row _builder_version=&#8221;3.25&#8243;][et_pb_column type=&#8221;4_4&#8243; _builder_version=&#8221;3.25&#8243; custom_padding=&#8221;|||&#8221; custom_padding__hover=&#8221;|||&#8221;][et_pb_text _builder_version=&#8221;3.27.4&#8243;]<\/p>\n<h1 id=\"Pa\u00f1os-y-esponjas\">Pa\u00f1os y esponjas<\/h1>\n<p>[\/et_pb_text][et_pb_shop type=&#8221;product_category&#8221; include_categories=&#8221;28&#8243; columns_number=&#8221;3&#8243; orderby=&#8221;menu_order&#8221; _builder_version=&#8221;3.25.3&#8243; title_font=&#8221;|700|||||||&#8221; title_text_align=&#8221;center&#8221;][\/et_pb_shop][et_pb_divider color=&#8221;#81d742&#8243; divider_weight=&#8221;2px&#8221; _builder_version=&#8221;3.22.7&#8243;][\/et_pb_divider][\/et_pb_column][\/et_pb_row][\/et_pb_section][et_pb_section fb_built=&#8221;1&#8243; _builder_version=&#8221;3.22.7&#8243; custom_margin=&#8221;-59px|||||&#8221; custom_padding=&#8221;4px||2px|||&#8221;][et_pb_row _builder_version=&#8221;3.25&#8243;][et_pb_column type=&#8221;4_4&#8243; _builder_version=&#8221;3.25&#8243; custom_padding=&#8221;|||&#8221; custom_padding__hover=&#8221;|||&#8221;][et_pb_text _builder_version=&#8221;3.27.4&#8243;]<\/p>\n<h1 id=\"Industrial\">Industrial<\/h1>\n<p>[\/et_pb_text][et_pb_shop type=&#8221;product_category&#8221; include_categories=&#8221;29&#8243; columns_number=&#8221;3&#8243; orderby=&#8221;menu_order&#8221; _builder_version=&#8221;3.25.3&#8243; title_font=&#8221;|700|||||||&#8221; title_text_align=&#8221;center&#8221;][\/et_pb_shop][et_pb_divider color=&#8221;#81d742&#8243; divider_weight=&#8221;2px&#8221; _builder_version=&#8221;3.22.7&#8243;][\/et_pb_divider][\/et_pb_column][\/et_pb_row][\/et_pb_section][et_pb_section fb_built=&#8221;1&#8243; _builder_version=&#8221;3.22.7&#8243; custom_padding=&#8221;0px||0px|||&#8221;][et_pb_row _builder_version=&#8221;3.25&#8243;][et_pb_column type=&#8221;4_4&#8243; _builder_version=&#8221;3.25&#8243; custom_padding=&#8221;|||&#8221; custom_padding__hover=&#8221;|||&#8221;][et_pb_text _builder_version=&#8221;3.27.4&#8243;]<\/p>\n<h1 id=\"NosotrosAnchor\">Nosotros<\/h1>\n<p>Somos una nueva empresa peruana dedicada a la fabricaci\u00f3n y comercializaci\u00f3n de diferentes productos para la limpieza dom\u00e9stica y profesional. Contamos con la experiencia de profesionales con experiencia en el rubro que garantizan la satisfacci\u00f3n de nuestros consumidores.<\/p>\n<h3>Misi\u00f3n<\/h3>\n<p>Brindar productos de calidad, de f\u00e1cil uso,<br \/>econ\u00f3micos y que permitan que la limpieza sea una tarea f\u00e1cil, con buenos<br \/>resultados y logrando la satisfacci\u00f3n de nuestros clientes.<\/p>\n<h3>Visi\u00f3n<\/h3>\n<p>Llegar a todos los rincones del Per\u00fa siendo la<br \/>marca l\u00edder en art\u00edculos de limpieza y ser reconocida por nuestra calidad en<br \/>todas nuestras l\u00edneas de art\u00edculos.<\/p>\n<p>[\/et_pb_text][et_pb_image src=&#8221;https:\/\/robin.pe\/wp-content\/uploads\/2019\/05\/Tienda-1920.jpg&#8221; align_tablet=&#8221;center&#8221; align_last_edited=&#8221;on|desktop&#8221; _builder_version=&#8221;3.23&#8243;][\/et_pb_image][et_pb_divider color=&#8221;#81d742&#8243; divider_weight=&#8221;2px&#8221; _builder_version=&#8221;3.22.7&#8243;][\/et_pb_divider][\/et_pb_column][\/et_pb_row][\/et_pb_section][et_pb_section fb_built=&#8221;1&#8243; module_id=&#8221;contacto&#8221; _builder_version=&#8221;3.22.7&#8243; custom_padding=&#8221;0px||0px|||&#8221;][et_pb_row _builder_version=&#8221;3.25&#8243;][et_pb_column type=&#8221;4_4&#8243; _builder_version=&#8221;3.25&#8243; custom_padding=&#8221;|||&#8221; custom_padding__hover=&#8221;|||&#8221;][et_pb_text _builder_version=&#8221;3.27.4&#8243;]<\/p>\n<h1 id=\"ContactoAnchor\">Contacto<\/h1>\n<p><strong>Directi\u00f3n:<\/strong><span>\u00a0<\/span>Jr. Jos\u00e9 Antonio Encinas 370<\/p>\n<p>Urb. Las Flores San Juan de Lurigancho<\/p>\n<p><strong>Correo:<\/strong><span>\u00a0<\/span>ventas@comercialyak.pe<\/p>\n<p><strong>Telefono:<\/strong><span>\u00a0<\/span>(511) 2868429<\/p>\n<p>[\/et_pb_text][\/et_pb_column][\/et_pb_row][\/et_pb_section][et_pb_section fb_built=&#8221;1&#8243; fullwidth=&#8221;on&#8221; _builder_version=&#8221;3.22.7&#8243;][et_pb_fullwidth_map address=&#8221;Jr. Jos\u00e9 Antonio Encinas 370&#8243; zoom_level=&#8221;17&#8243; address_lat=&#8221;-12.018910356618&#8243; address_lng=&#8221;-77.011136841618&#8243; _builder_version=&#8221;3.22.7&#8243;][\/et_pb_fullwidth_map][\/et_pb_section]<\/p>\n","protected":false},"excerpt":{"rendered":"<p>[et_pb_section fb_built=&#8221;1&#8243; fullwidth=&#8221;on&#8221; _builder_version=&#8221;3.22.7&#8243;][et_pb_fullwidth_slider _builder_version=&#8221;4.6.0&#8243; header_level=&#8221;h1&#8243; header_font=&#8221;|700|||||||&#8221; header_font_size=&#8221;60px&#8221; max_width=&#8221;100%&#8221; min_height=&#8221;500px&#8221; max_height=&#8221;1000px&#8221; hover_enabled=&#8221;0&#8243; sticky_enabled=&#8221;0&#8243;][et_pb_slide heading=&#8221;Articulos de limpieza&#8221; button_text=&#8221;Productos&#8221; _builder_version=&#8221;3.22.7&#8243; body_font=&#8221;||||||||&#8221; background_image=&#8221;https:\/\/robin.pe\/wp-content\/uploads\/2019\/05\/PANTALLA-1920.jpg&#8221; sticky_transition=&#8221;on&#8221;][\/et_pb_slide][et_pb_slide heading=&#8221;100% Peruano&#8221; _builder_version=&#8221;4.6.0&#8243; background_image=&#8221;https:\/\/robin.pe\/wp-content\/uploads\/2019\/05\/fondo-set-1920.jpg&#8221; hover_enabled=&#8221;0&#8243; sticky_transition=&#8221;on&#8221; background_enable_image=&#8221;on&#8221; title_text=&#8221;fondo set&#8221; sticky_enabled=&#8221;0&#8243;] Productos de alta calidad [\/et_pb_slide][et_pb_slide heading=&#8221;Todo para limpiar&#8221; _builder_version=&#8221;4.6.0&#8243; background_image=&#8221;https:\/\/robin.pe\/wp-content\/uploads\/2019\/05\/fondo-spin-mop-1920.jpg&#8221; hover_enabled=&#8221;0&#8243; sticky_transition=&#8221;on&#8221; background_enable_image=&#8221;on&#8221; title_text=&#8221;fondo spin mop 1920&#8243; sticky_enabled=&#8221;0&#8243;] Una gama completa de productos de [&hellip;]<\/p>\n","protected":false},"author":2,"featured_media":0,"parent":0,"menu_order":0,"comment_status":"closed","ping_status":"closed","template":"","meta":{"_et_pb_use_builder":"on","_et_pb_old_content":"","_et_gb_content_width":"","footnotes":""},"class_list":["post-253","page","type-page","status-publish","hentry"],"_links":{"self":[{"href":"https:\/\/robin.pe\/index.php?rest_route=\/wp\/v2\/pages\/253","targetHints":{"allow":["GET"]}}],"collection":[{"href":"https:\/\/robin.pe\/index.php?rest_route=\/wp\/v2\/pages"}],"about":[{"href":"https:\/\/robin.pe\/index.php?rest_route=\/wp\/v2\/types\/page"}],"author":[{"embeddable":true,"href":"https:\/\/robin.pe\/index.php?rest_route=\/wp\/v2\/users\/2"}],"replies":[{"embeddable":true,"href":"https:\/\/robin.pe\/index.php?rest_route=%2Fwp%2Fv2%2Fcomments&post=253"}],"version-history":[{"count":27,"href":"https:\/\/robin.pe\/index.php?rest_route=\/wp\/v2\/pages\/253\/revisions"}],"predecessor-version":[{"id":234842,"href":"https:\/\/robin.pe\/index.php?rest_route=\/wp\/v2\/pages\/253\/revisions\/234842"}],"wp:attachment":[{"href":"https:\/\/robin.pe\/index.php?rest_route=%2Fwp%2Fv2%2Fmedia&parent=253"}],"curies":[{"name":"wp","href":"https:\/\/api.w.org\/{rel}","templated":true}]}}